{"id":2,"date":"2016-07-15T07:59:32","date_gmt":"2016-07-15T07:59:32","guid":{"rendered":"http:\/\/konferenca.e5.ijs.si\/?page_id=2"},"modified":"2018-07-12T13:31:28","modified_gmt":"2018-07-12T13:31:28","slug":"sample-page","status":"publish","type":"page","link":"http:\/\/konferenca.e5.ijs.si\/","title":{"rendered":"O centru"},"content":{"rendered":"<p style=\"text-align: left;\">Center zagotavlja ustrezno okolje, orodja, mehanizme in podporo za komunikacijo in inovativno raziskovalno delo v okviru doma\u010dih in mednarodnih projektov ter drugih infrastrukturnih programov. Orodja in mehanizmi temeljijo na odprtokodnih re\u0161itvah in rezultatih vrste doma\u010dih in mednarodnih projektov.<\/p>\n<p style=\"text-align: left;\">Center deluje v okviru <a href=\"https:\/\/www.ijs.si\/ijsw\/Centri\">infrastrukturne skupine IJS<\/a>, ki jo financira ARRS.<\/p>\n<p style=\"text-align: left;\">Vodja centra: dr. Du\u0161an Gabrijel\u010di\u010d<\/p>\n<p><img loading=\"lazy\" class=\"size-medium wp-image-72 alignnone\" src=\"http:\/\/konferenca.e5.ijs.si\/conf_content\/uploads\/2016\/11\/HiRes_1-1-300x212.jpg\" alt=\"hires_1\" width=\"300\" height=\"212\" srcset=\"http:\/\/konferenca.e5.ijs.si\/wp-content\/uploads\/2016\/11\/HiRes_1-1-300x212.jpg 300w, http:\/\/konferenca.e5.ijs.si\/wp-content\/uploads\/2016\/11\/HiRes_1-1-768x543.jpg 768w, http:\/\/konferenca.e5.ijs.si\/wp-content\/uploads\/2016\/11\/HiRes_1-1-1024x724.jpg 1024w\" sizes=\"(max-width: 300px) 100vw, 300px\" \/><\/p>\n<p>&nbsp;<\/p>\n","protected":false},"excerpt":{"rendered":"<div class=\"mh-excerpt\"><p>Center zagotavlja ustrezno okolje, orodja, mehanizme in podporo za komunikacijo in inovativno raziskovalno delo v okviru doma\u010dih in mednarodnih projektov ter drugih infrastrukturnih programov. Orodja <a class=\"mh-excerpt-more\" href=\"http:\/\/konferenca.e5.ijs.si\/\" title=\"O centru\">[&#8230;]<\/a><\/p>\n<\/div>","protected":false},"author":1,"featured_media":0,"parent":0,"menu_order":1,"comment_status":"closed","ping_status":"open","template":"","meta":[],"_links":{"self":[{"href":"http:\/\/konferenca.e5.ijs.si\/index.php\/wp-json\/wp\/v2\/pages\/2"}],"collection":[{"href":"http:\/\/konferenca.e5.ijs.si\/index.php\/wp-json\/wp\/v2\/pages"}],"about":[{"href":"http:\/\/konferenca.e5.ijs.si\/index.php\/wp-json\/wp\/v2\/types\/page"}],"author":[{"embeddable":true,"href":"http:\/\/konferenca.e5.ijs.si\/index.php\/wp-json\/wp\/v2\/users\/1"}],"replies":[{"embeddable":true,"href":"http:\/\/konferenca.e5.ijs.si\/index.php\/wp-json\/wp\/v2\/comments?post=2"}],"version-history":[{"count":8,"href":"http:\/\/konferenca.e5.ijs.si\/index.php\/wp-json\/wp\/v2\/pages\/2\/revisions"}],"predecessor-version":[{"id":115,"href":"http:\/\/konferenca.e5.ijs.si\/index.php\/wp-json\/wp\/v2\/pages\/2\/revisions\/115"}],"wp:attachment":[{"href":"http:\/\/konferenca.e5.ijs.si\/index.php\/wp-json\/wp\/v2\/media?parent=2"}],"curies":[{"name":"wp","href":"https:\/\/api.w.org\/{rel}","templated":true}]}}