{"id":36,"date":"2016-07-20T13:20:53","date_gmt":"2016-07-20T13:20:53","guid":{"rendered":"http:\/\/konferenca.e5.ijs.si\/?page_id=36"},"modified":"2016-11-08T10:22:46","modified_gmt":"2016-11-08T10:22:46","slug":"okolje-v-oblaku-za-digitalno-forenziko","status":"publish","type":"page","link":"http:\/\/konferenca.e5.ijs.si\/index.php\/storitve\/okolje-v-oblaku-za-digitalno-forenziko\/","title":{"rendered":"Raziskovalno in izobra\u017eevalno okolje v oblaku za podro\u010dje digitalne forenzike"},"content":{"rendered":"<p style=\"text-align: left;\">Okolje v oblaku je namenjeno raziskavam, izobra\u017eevanju in usposabljanju na podro\u010dju digitalne forenzike. Okolje omogo\u010da samodejno in dinami\u010dno generiranje, dodeljevanje in ocenjevanje primerov preiskav z razli\u010dno stopnjo zahtevnosti na podlagi realnih scenarijev (npr. porazdeljeno onemogo\u010danje storitev, socialni in\u017eeniring, napadi na podatkovne baze).<\/p>\n<p><img loading=\"lazy\" class=\"size-medium wp-image-39 alignleft\" src=\"http:\/\/konferenca.e5.ijs.si\/wp-content\/uploads\/2016\/07\/cloud-300x285.jpg\" alt=\"cloud\" width=\"300\" height=\"285\" srcset=\"http:\/\/konferenca.e5.ijs.si\/wp-content\/uploads\/2016\/07\/cloud-300x285.jpg 300w, http:\/\/konferenca.e5.ijs.si\/wp-content\/uploads\/2016\/07\/cloud-768x730.jpg 768w, http:\/\/konferenca.e5.ijs.si\/wp-content\/uploads\/2016\/07\/cloud.jpg 830w\" sizes=\"(max-width: 300px) 100vw, 300px\" \/><\/p>\n","protected":false},"excerpt":{"rendered":"<div class=\"mh-excerpt\"><p>Okolje v oblaku je namenjeno raziskavam, izobra\u017eevanju in usposabljanju na podro\u010dju digitalne forenzike. Okolje omogo\u010da samodejno in dinami\u010dno generiranje, dodeljevanje in ocenjevanje primerov preiskav z <a class=\"mh-excerpt-more\" href=\"http:\/\/konferenca.e5.ijs.si\/index.php\/storitve\/okolje-v-oblaku-za-digitalno-forenziko\/\" title=\"Raziskovalno in izobra\u017eevalno okolje v oblaku za podro\u010dje digitalne forenzike\">[&#8230;]<\/a><\/p>\n<\/div>","protected":false},"author":1,"featured_media":0,"parent":26,"menu_order":0,"comment_status":"closed","ping_status":"closed","template":"","meta":[],"_links":{"self":[{"href":"http:\/\/konferenca.e5.ijs.si\/index.php\/wp-json\/wp\/v2\/pages\/36"}],"collection":[{"href":"http:\/\/konferenca.e5.ijs.si\/index.php\/wp-json\/wp\/v2\/pages"}],"about":[{"href":"http:\/\/konferenca.e5.ijs.si\/index.php\/wp-json\/wp\/v2\/types\/page"}],"author":[{"embeddable":true,"href":"http:\/\/konferenca.e5.ijs.si\/index.php\/wp-json\/wp\/v2\/users\/1"}],"replies":[{"embeddable":true,"href":"http:\/\/konferenca.e5.ijs.si\/index.php\/wp-json\/wp\/v2\/comments?post=36"}],"version-history":[{"count":5,"href":"http:\/\/konferenca.e5.ijs.si\/index.php\/wp-json\/wp\/v2\/pages\/36\/revisions"}],"predecessor-version":[{"id":93,"href":"http:\/\/konferenca.e5.ijs.si\/index.php\/wp-json\/wp\/v2\/pages\/36\/revisions\/93"}],"up":[{"embeddable":true,"href":"http:\/\/konferenca.e5.ijs.si\/index.php\/wp-json\/wp\/v2\/pages\/26"}],"wp:attachment":[{"href":"http:\/\/konferenca.e5.ijs.si\/index.php\/wp-json\/wp\/v2\/media?parent=36"}],"curies":[{"name":"wp","href":"https:\/\/api.w.org\/{rel}","templated":true}]}}