{"id":51,"date":"2016-07-22T09:17:42","date_gmt":"2016-07-22T09:17:42","guid":{"rendered":"http:\/\/konferenca.e5.ijs.si\/?page_id=51"},"modified":"2016-07-22T09:28:40","modified_gmt":"2016-07-22T09:28:40","slug":"objava-zbirk-raziskovalnih-podatkov","status":"publish","type":"page","link":"http:\/\/konferenca.e5.ijs.si\/index.php\/storitve\/objava-zbirk-raziskovalnih-podatkov\/","title":{"rendered":"Objava zbirk raziskovalnih podatkov"},"content":{"rendered":"<p>Storitev omogo\u010da objavo in dostop do zbirk raziskovalnih rezultatov ustvarjenih v raziskovalnih projektih. Objavljene zbirke so lahko odprtega zna\u010daja ali namenjene samo poobla\u0161\u010denim osebam. Storitev omogo\u010da upravljanje zbirk (dru\u017eina orodj <a href=\"http:\/\/ckan.org\/\">CKAN<\/a>) in neposreden dostop do podatkov (orodje <a href=\"http:\/\/cfpb.github.io\/qu\/\">Qu<\/a>). Storitev podpira objavo znanstvenih podatkov kot se pri\u010dakuje v okviru projektov iz programa Obzorje 2020.<\/p>\n","protected":false},"excerpt":{"rendered":"<div class=\"mh-excerpt\"><p>Storitev omogo\u010da objavo in dostop do zbirk raziskovalnih rezultatov ustvarjenih v raziskovalnih projektih. Objavljene zbirke so lahko odprtega zna\u010daja ali namenjene samo poobla\u0161\u010denim osebam. Storitev <a class=\"mh-excerpt-more\" href=\"http:\/\/konferenca.e5.ijs.si\/index.php\/storitve\/objava-zbirk-raziskovalnih-podatkov\/\" title=\"Objava zbirk raziskovalnih podatkov\">[&#8230;]<\/a><\/p>\n<\/div>","protected":false},"author":1,"featured_media":0,"parent":26,"menu_order":0,"comment_status":"closed","ping_status":"closed","template":"","meta":[],"_links":{"self":[{"href":"http:\/\/konferenca.e5.ijs.si\/index.php\/wp-json\/wp\/v2\/pages\/51"}],"collection":[{"href":"http:\/\/konferenca.e5.ijs.si\/index.php\/wp-json\/wp\/v2\/pages"}],"about":[{"href":"http:\/\/konferenca.e5.ijs.si\/index.php\/wp-json\/wp\/v2\/types\/page"}],"author":[{"embeddable":true,"href":"http:\/\/konferenca.e5.ijs.si\/index.php\/wp-json\/wp\/v2\/users\/1"}],"replies":[{"embeddable":true,"href":"http:\/\/konferenca.e5.ijs.si\/index.php\/wp-json\/wp\/v2\/comments?post=51"}],"version-history":[{"count":2,"href":"http:\/\/konferenca.e5.ijs.si\/index.php\/wp-json\/wp\/v2\/pages\/51\/revisions"}],"predecessor-version":[{"id":56,"href":"http:\/\/konferenca.e5.ijs.si\/index.php\/wp-json\/wp\/v2\/pages\/51\/revisions\/56"}],"up":[{"embeddable":true,"href":"http:\/\/konferenca.e5.ijs.si\/index.php\/wp-json\/wp\/v2\/pages\/26"}],"wp:attachment":[{"href":"http:\/\/konferenca.e5.ijs.si\/index.php\/wp-json\/wp\/v2\/media?parent=51"}],"curies":[{"name":"wp","href":"https:\/\/api.w.org\/{rel}","templated":true}]}}