{"id":53,"date":"2016-07-22T09:21:50","date_gmt":"2016-07-22T09:21:50","guid":{"rendered":"http:\/\/konferenca.e5.ijs.si\/?page_id=53"},"modified":"2016-07-22T09:24:01","modified_gmt":"2016-07-22T09:24:01","slug":"komunikacija-in-sodelovanje","status":"publish","type":"page","link":"http:\/\/konferenca.e5.ijs.si\/index.php\/storitve\/komunikacija-in-sodelovanje\/","title":{"rendered":"Komunikacija in sodelovanje"},"content":{"rendered":"<p>Center omogo\u010da <strong>enostavno spletno komunikacijo<\/strong> in <strong>napredno spletno komunikacijo<\/strong>, ki omogo\u010data neposredno spremljanje in sodelovanje na daljavo \u0161irom Evrope ter po svetu, njuna uporaba pa je odvisna od namena in zahtevnosti dogodka.<\/p>\n<p>Prav tako je mogo\u010da <strong>izmenjava<\/strong> in <strong>hranjenje podatkov<\/strong>, datotek ter vsebin v oblaku s pomo\u010djo podakovnega skladi\u0161\u010da. Izmenjane vsebine so lahko prosto dostopne ali pa je dostop omogo\u010den samo poobla\u0161\u010denim osebam. Storitev je namenjena znanstvenim sodelovalnim skupinam znotraj raziskovalnih projektov. Mo\u017ena je izmenjava vsebin med projekti. Storitev temelji na odprtokodni re\u0161itvi <a href=\"https:\/\/www.seafile.com\/en\/home\/\">Seafile<\/a>.<\/p>\n<p>&nbsp;<\/p>\n","protected":false},"excerpt":{"rendered":"<div class=\"mh-excerpt\"><p>Center omogo\u010da enostavno spletno komunikacijo in napredno spletno komunikacijo, ki omogo\u010data neposredno spremljanje in sodelovanje na daljavo \u0161irom Evrope ter po svetu, njuna uporaba pa <a class=\"mh-excerpt-more\" href=\"http:\/\/konferenca.e5.ijs.si\/index.php\/storitve\/komunikacija-in-sodelovanje\/\" title=\"Komunikacija in sodelovanje\">[&#8230;]<\/a><\/p>\n<\/div>","protected":false},"author":1,"featured_media":0,"parent":26,"menu_order":0,"comment_status":"closed","ping_status":"closed","template":"","meta":[],"_links":{"self":[{"href":"http:\/\/konferenca.e5.ijs.si\/index.php\/wp-json\/wp\/v2\/pages\/53"}],"collection":[{"href":"http:\/\/konferenca.e5.ijs.si\/index.php\/wp-json\/wp\/v2\/pages"}],"about":[{"href":"http:\/\/konferenca.e5.ijs.si\/index.php\/wp-json\/wp\/v2\/types\/page"}],"author":[{"embeddable":true,"href":"http:\/\/konferenca.e5.ijs.si\/index.php\/wp-json\/wp\/v2\/users\/1"}],"replies":[{"embeddable":true,"href":"http:\/\/konferenca.e5.ijs.si\/index.php\/wp-json\/wp\/v2\/comments?post=53"}],"version-history":[{"count":2,"href":"http:\/\/konferenca.e5.ijs.si\/index.php\/wp-json\/wp\/v2\/pages\/53\/revisions"}],"predecessor-version":[{"id":55,"href":"http:\/\/konferenca.e5.ijs.si\/index.php\/wp-json\/wp\/v2\/pages\/53\/revisions\/55"}],"up":[{"embeddable":true,"href":"http:\/\/konferenca.e5.ijs.si\/index.php\/wp-json\/wp\/v2\/pages\/26"}],"wp:attachment":[{"href":"http:\/\/konferenca.e5.ijs.si\/index.php\/wp-json\/wp\/v2\/media?parent=53"}],"curies":[{"name":"wp","href":"https:\/\/api.w.org\/{rel}","templated":true}]}}